{"id":3479,"date":"2025-08-08T12:26:31","date_gmt":"2025-08-08T15:26:31","guid":{"rendered":"https:\/\/clubdeinversores.com\/main\/?page_id=3479"},"modified":"2025-08-11T15:34:56","modified_gmt":"2025-08-11T18:34:56","slug":"ocho-acciones-de-brasil-y-china-para-comprar-antes-de-2026","status":"publish","type":"page","link":"https:\/\/clubdeinversores.com\/main\/ocho-acciones-de-brasil-y-china-para-comprar-antes-de-2026\/","title":{"rendered":"Ocho acciones de Brasil y China para comprar antes de 2026"},"content":{"rendered":"\t\t<div data-elementor-type=\"wp-page\" data-elementor-id=\"3479\" class=\"elementor elementor-3479\" data-elementor-post-type=\"page\">\n\t\t\t\t<div class=\"elementor-element elementor-element-3741b252 e-flex e-con-boxed wpr-particle-no wpr-jarallax-no wpr-parallax-no wpr-sticky-section-no e-con e-parent\" data-id=\"3741b252\" data-element_type=\"container\">\n\t\t\t\t\t<div class=\"e-con-inner\">\n\t\t<div class=\"elementor-element elementor-element-191ae668 e-con-full e-flex wpr-particle-no wpr-jarallax-no wpr-parallax-no wpr-sticky-section-no e-con e-child\" data-id=\"191ae668\" data-element_type=\"container\">\n\t\t\t\t<div class=\"elementor-element elementor-element-56904f36 elementor-hidden-desktop elementor-hidden-tablet elementor-widget elementor-widget-image\" data-id=\"56904f36\" data-element_type=\"widget\" data-widget_type=\"image.default\">\n\t\t\t\t<div class=\"elementor-widget-container\">\n\t\t\t\t\t\t\t\t\t\t\t\t\t\t\t\t<a href=\"#2\">\n\t\t\t\t\t\t\t<img fetchpriority=\"high\" decoding=\"async\" width=\"640\" height=\"1138\" src=\"https:\/\/clubdeinversores.com\/main\/wp-content\/uploads\/2025\/08\/portadalandingbrasilchina.jpg\" class=\"attachment-full size-full wp-image-3484\" alt=\"\" srcset=\"https:\/\/clubdeinversores.com\/main\/wp-content\/uploads\/2025\/08\/portadalandingbrasilchina.jpg 640w, https:\/\/clubdeinversores.com\/main\/wp-content\/uploads\/2025\/08\/portadalandingbrasilchina-169x300.jpg 169w, https:\/\/clubdeinversores.com\/main\/wp-content\/uploads\/2025\/08\/portadalandingbrasilchina-576x1024.jpg 576w\" sizes=\"(max-width: 640px) 100vw, 640px\" \/>\t\t\t\t\t\t\t\t<\/a>\n\t\t\t\t\t\t\t\t\t\t\t\t\t\t\t<\/div>\n\t\t\t\t<\/div>\n\t\t\t\t<div class=\"elementor-element elementor-element-2c5d088f elementor-widget elementor-widget-heading\" data-id=\"2c5d088f\" data-element_type=\"widget\" data-widget_type=\"heading.default\">\n\t\t\t\t<div class=\"elementor-widget-container\">\n\t\t\t\t\t<h1 class=\"elementor-heading-title elementor-size-default\">Ocho acciones de Brasil y China para comprar antes de 2026<\/h1>\t\t\t\t<\/div>\n\t\t\t\t<\/div>\n\t\t\t\t<div class=\"elementor-element elementor-element-6a5197c9 elementor-widget elementor-widget-heading\" data-id=\"6a5197c9\" data-element_type=\"widget\" data-widget_type=\"heading.default\">\n\t\t\t\t<div class=\"elementor-widget-container\">\n\t\t\t\t\t<h1 class=\"elementor-heading-title elementor-size-default\">En este informe especial gratuito, te explicamos por qu\u00e9 es crucial anticiparte y preparar una estrategia s\u00f3lida desde hoy.<\/h1>\t\t\t\t<\/div>\n\t\t\t\t<\/div>\n\t\t\t\t<div class=\"elementor-element elementor-element-3cb3e386 elementor-widget__width-inherit elementor-widget elementor-widget-text-editor\" data-id=\"3cb3e386\" data-element_type=\"widget\" id=\"2\" data-widget_type=\"text-editor.default\">\n\t\t\t\t<div class=\"elementor-widget-container\">\n\t\t\t\t\t\t\t\t\t<h4 data-start=\"654\" data-end=\"695\"><strong>\u00bfQu\u00e9 vas a descubrir en este informe?<\/strong><\/h4>\n<p data-start=\"697\" data-end=\"817\">\u26a0 <strong data-start=\"699\" data-end=\"723\">Las claves geopol\u00edticas que impulsan el rally<\/strong><\/p>\n<p data-start=\"819\" data-end=\"1008\">\ud83d\udcc8 <strong data-start=\"822\" data-end=\"861\">Por qu\u00e9 2026 es una fecha l\u00edmite estrat\u00e9gica<\/strong><\/p>\n<p data-start=\"1010\" data-end=\"1126\">\ud83c\udf0f <strong data-start=\"1013\" data-end=\"1038\">Los sectores m\u00e1s beneficiados en Brasil y China<\/strong><\/p>\n<p data-start=\"1128\" data-end=\"1304\">\ud83d\udcc5 <strong data-start=\"1131\" data-end=\"1180\">Fechas clave: elecciones, reformas y acuerdos internacionales<\/strong><\/p>\n<p data-start=\"1306\" data-end=\"1464\">\ud83d\udee1\ufe0f <strong data-start=\"1309\" data-end=\"1337\">C\u00f3mo diversificar tu cartera con riesgo controlado<\/strong><\/p>\n<p data-start=\"1466\" data-end=\"1610\">\ud83c\udfaf <strong data-start=\"1469\" data-end=\"1493\">Las 8 acciones con mayor potencial seg\u00fan nuestros modelos<\/strong><\/p>\n\t\t\t\t\t\t\t\t<\/div>\n\t\t\t\t<\/div>\n\t\t\t\t<div class=\"elementor-element elementor-element-5d8d8d99 elementor-widget elementor-widget-heading\" data-id=\"5d8d8d99\" data-element_type=\"widget\" data-widget_type=\"heading.default\">\n\t\t\t\t<div class=\"elementor-widget-container\">\n\t\t\t\t\t<h2 class=\"elementor-heading-title elementor-size-default\">Ingres\u00e1 tu nombre y tu mejor email para descargarlo GRATIS\n<\/h2>\t\t\t\t<\/div>\n\t\t\t\t<\/div>\n\t\t\t\t<div class=\"elementor-element elementor-element-1a7da541 elementor-widget elementor-widget-html\" data-id=\"1a7da541\" data-element_type=\"widget\" data-widget_type=\"html.default\">\n\t\t\t\t<div class=\"elementor-widget-container\">\n\t\t\t\t\t<script charset=\"utf-8\" type=\"text\/javascript\" src=\"\/\/js.hsforms.net\/forms\/embed\/v2.js\"><\/script>\r\n<script>\r\n  hbspt.forms.create({\r\n    portalId: \"5627110\",\r\n    formId: \"aeed91cf-60fa-413c-b2c5-295dbe67e69f\",\r\n    region: \"na1\"\r\n  });\r\n<\/script>\t\t\t\t<\/div>\n\t\t\t\t<\/div>\n\t\t\t\t<\/div>\n\t\t<div class=\"elementor-element elementor-element-4e7fd60b e-con-full elementor-hidden-mobile e-flex wpr-particle-no wpr-jarallax-no wpr-parallax-no wpr-sticky-section-no e-con e-child\" data-id=\"4e7fd60b\" data-element_type=\"container\">\n\t\t\t\t<div class=\"elementor-element elementor-element-1730e53d elementor-widget elementor-widget-image\" data-id=\"1730e53d\" data-element_type=\"widget\" data-widget_type=\"image.default\">\n\t\t\t\t<div class=\"elementor-widget-container\">\n\t\t\t\t\t\t\t\t\t\t\t\t\t\t\t<img fetchpriority=\"high\" decoding=\"async\" width=\"640\" height=\"1138\" src=\"https:\/\/clubdeinversores.com\/main\/wp-content\/uploads\/2025\/08\/portadalandingbrasilchina.jpg\" class=\"attachment-full size-full wp-image-3484\" alt=\"\" srcset=\"https:\/\/clubdeinversores.com\/main\/wp-content\/uploads\/2025\/08\/portadalandingbrasilchina.jpg 640w, https:\/\/clubdeinversores.com\/main\/wp-content\/uploads\/2025\/08\/portadalandingbrasilchina-169x300.jpg 169w, https:\/\/clubdeinversores.com\/main\/wp-content\/uploads\/2025\/08\/portadalandingbrasilchina-576x1024.jpg 576w\" sizes=\"(max-width: 640px) 100vw, 640px\" \/>\t\t\t\t\t\t\t\t\t\t\t\t\t\t\t<\/div>\n\t\t\t\t<\/div>\n\t\t\t\t<\/div>\n\t\t\t\t\t<\/div>\n\t\t\t\t<\/div>\n\t\t<div class=\"elementor-element elementor-element-23094acc e-flex e-con-boxed wpr-particle-no wpr-jarallax-no wpr-parallax-no wpr-sticky-section-no e-con e-parent\" data-id=\"23094acc\" data-element_type=\"container\" data-settings=\"{&quot;background_background&quot;:&quot;classic&quot;}\">\n\t\t\t\t\t<div class=\"e-con-inner\">\n\t\t<div class=\"elementor-element elementor-element-2f13267a e-con-full e-flex wpr-particle-no wpr-jarallax-no wpr-parallax-no wpr-sticky-section-no e-con e-child\" data-id=\"2f13267a\" data-element_type=\"container\">\n\t\t\t\t<div class=\"elementor-element elementor-element-465c6c18 elementor-widget__width-initial elementor-widget elementor-widget-image\" data-id=\"465c6c18\" data-element_type=\"widget\" data-widget_type=\"image.default\">\n\t\t\t\t<div class=\"elementor-widget-container\">\n\t\t\t\t\t\t\t\t\t\t\t\t\t\t\t<img decoding=\"async\" width=\"500\" height=\"128\" src=\"https:\/\/clubdeinversores.com\/main\/wp-content\/uploads\/2025\/04\/carta-financiera-logo-horizontal-xs-1.png\" class=\"attachment-full size-full wp-image-81\" alt=\"\" srcset=\"https:\/\/clubdeinversores.com\/main\/wp-content\/uploads\/2025\/04\/carta-financiera-logo-horizontal-xs-1.png 500w, https:\/\/clubdeinversores.com\/main\/wp-content\/uploads\/2025\/04\/carta-financiera-logo-horizontal-xs-1-300x77.png 300w\" sizes=\"(max-width: 500px) 100vw, 500px\" \/>\t\t\t\t\t\t\t\t\t\t\t\t\t\t\t<\/div>\n\t\t\t\t<\/div>\n\t\t\t\t<div class=\"elementor-element elementor-element-5320754e elementor-widget__width-initial elementor-widget elementor-widget-text-editor\" data-id=\"5320754e\" data-element_type=\"widget\" data-widget_type=\"text-editor.default\">\n\t\t\t\t<div class=\"elementor-widget-container\">\n\t\t\t\t\t\t\t\t\t<p>COPYRIGHT 2025. CLUB DE INVERSORES BY CARTA FINANCIERA. TODOS LOS DERECHOS RESERVADOS.<\/p>\t\t\t\t\t\t\t\t<\/div>\n\t\t\t\t<\/div>\n\t\t\t\t<\/div>\n\t\t\t\t\t<\/div>\n\t\t\t\t<\/div>\n\t\t<div class=\"elementor-element elementor-element-61bd425a e-flex e-con-boxed wpr-particle-no wpr-jarallax-no wpr-parallax-no wpr-sticky-section-no e-con e-parent\" data-id=\"61bd425a\" data-element_type=\"container\" data-settings=\"{&quot;background_background&quot;:&quot;classic&quot;}\">\n\t\t\t\t\t<div class=\"e-con-inner\">\n\t\t<div class=\"elementor-element elementor-element-41c88a57 e-con-full e-flex wpr-particle-no wpr-jarallax-no wpr-parallax-no wpr-sticky-section-no e-con e-child\" data-id=\"41c88a57\" data-element_type=\"container\">\n\t\t\t\t<div class=\"elementor-element elementor-element-3cf0402 elementor-widget__width-initial elementor-widget elementor-widget-text-editor\" data-id=\"3cf0402\" data-element_type=\"widget\" data-widget_type=\"text-editor.default\">\n\t\t\t\t<div class=\"elementor-widget-container\">\n\t\t\t\t\t\t\t\t\t<p>Matriculas de Agente Productor &#8211; CNV: Miguel Boggiano AP 1931, Tomas Olivera AP 1934, Agustin Gomez Beret: AP 1894, Blas Diaz Saubidet: AP 1982, Juan Pablo Asprella AP1945, Santiago Arrastoa: AP 1984, Lorena Violante AP 1949<\/p>\t\t\t\t\t\t\t\t<\/div>\n\t\t\t\t<\/div>\n\t\t\t\t<\/div>\n\t\t\t\t\t<\/div>\n\t\t\t\t<\/div>\n\t\t\t\t<\/div>\n\t\t","protected":false},"excerpt":{"rendered":"<p>Ocho acciones de Brasil y China para comprar antes de 2026 En este informe especial gratuito, te explicamos por qu\u00e9 es crucial anticiparte y preparar una estrategia s\u00f3lida desde hoy. \u00bfQu\u00e9 vas a descubrir en este informe? \u26a0 Las claves geopol\u00edticas que impulsan el rally \ud83d\udcc8 Por qu\u00e9 2026 es una fecha l\u00edmite estrat\u00e9gica \ud83c\udf0f Los sectores m\u00e1s beneficiados en Brasil y China \ud83d\udcc5 Fechas clave: elecciones, reformas y acuerdos internacionales \ud83d\udee1\ufe0f C\u00f3mo diversificar tu cartera con riesgo controlado \ud83c\udfaf Las 8 acciones con mayor potencial seg\u00fan nuestros modelos Ingres\u00e1 tu nombre y tu mejor email para descargarlo GRATIS COPYRIGHT 2025. CLUB DE INVERSORES BY CARTA FINANCIERA. TODOS LOS DERECHOS RESERVADOS. Matriculas de Agente Productor &#8211; CNV: Miguel Boggiano AP 1931, Tomas Olivera AP 1934, Agustin Gomez Beret: AP 1894, Blas Diaz Saubidet: AP 1982, Juan Pablo Asprella AP1945, Santiago Arrastoa: AP 1984, Lorena Violante AP 1949<\/p>\n","protected":false},"author":1,"featured_media":0,"parent":0,"menu_order":0,"comment_status":"closed","ping_status":"closed","template":"","meta":{"footnotes":""},"class_list":["post-3479","page","type-page","status-publish","hentry"],"acf":[],"_links":{"self":[{"href":"https:\/\/clubdeinversores.com\/main\/wp-json\/wp\/v2\/pages\/3479","targetHints":{"allow":["GET"]}}],"collection":[{"href":"https:\/\/clubdeinversores.com\/main\/wp-json\/wp\/v2\/pages"}],"about":[{"href":"https:\/\/clubdeinversores.com\/main\/wp-json\/wp\/v2\/types\/page"}],"author":[{"embeddable":true,"href":"https:\/\/clubdeinversores.com\/main\/wp-json\/wp\/v2\/users\/1"}],"replies":[{"embeddable":true,"href":"https:\/\/clubdeinversores.com\/main\/wp-json\/wp\/v2\/comments?post=3479"}],"version-history":[{"count":14,"href":"https:\/\/clubdeinversores.com\/main\/wp-json\/wp\/v2\/pages\/3479\/revisions"}],"predecessor-version":[{"id":3565,"href":"https:\/\/clubdeinversores.com\/main\/wp-json\/wp\/v2\/pages\/3479\/revisions\/3565"}],"wp:attachment":[{"href":"https:\/\/clubdeinversores.com\/main\/wp-json\/wp\/v2\/media?parent=3479"}],"curies":[{"name":"wp","href":"https:\/\/api.w.org\/{rel}","templated":true}]}}